{"id":15,"date":"2023-07-03T13:47:14","date_gmt":"2023-07-03T13:47:14","guid":{"rendered":"https:\/\/myedison.ch\/?page_id=15"},"modified":"2023-08-14T13:40:30","modified_gmt":"2023-08-14T13:40:30","slug":"willkommen-bei-myedison","status":"publish","type":"page","link":"https:\/\/myedison.ch\/","title":{"rendered":"Home"},"content":{"rendered":"\n<p>Edison ist ein robuster, stabil gebauter Lernroboter, der den Sch\u00fclern das Programmieren n\u00e4her bringt und den Lehrern hilft, die ICT-Kompetenzen zu vermitteln. Er unterst\u00fctzt Lehrpersonen dabei, Informatik ansprechend und inspirierend umzusetzen.  <\/p>\n\n\n\n<h2 class=\"wp-block-heading\">Coding (Programmieren) f\u00fcr die Primarschule<\/h2>\n\n\n\n<p>Die auf den Edison zugeschnittenen Programmierumgebungen eignen sich f\u00fcr den Einsatz des Edison ab evtl. Ende des zweiten Kindergartens\/Anfang 1. Klasse bis zur sechsten Klasse in der Primarschule  und in den ersten beiden Jahren der Sekundarstufe.<\/p>\n","protected":false},"excerpt":{"rendered":"<p>Edison ist ein robuster, stabil gebauter Lernroboter, der den Sch\u00fclern das Programmieren n\u00e4her bringt und den Lehrern hilft, die ICT-Kompetenzen zu vermitteln. Er unterst\u00fctzt Lehrpersonen dabei, Informatik ansprechend und inspirierend umzusetzen. Coding (Programmieren) f\u00fcr die Primarschule Die auf den Edison zugeschnittenen Programmierumgebungen eignen sich f\u00fcr den Einsatz des Edison ab evtl. Ende des zweiten Kindergartens\/Anfang [&hellip;]<\/p>\n","protected":false},"author":1,"featured_media":0,"parent":0,"menu_order":0,"comment_status":"closed","ping_status":"closed","template":"templates\/template-homepage.php","meta":{"footnotes":""},"class_list":["post-15","page","type-page","status-publish","hentry"],"yoast_head":"<!-- This site is optimized with the Yoast SEO plugin v26.2 - https:\/\/yoast.com\/wordpress\/plugins\/seo\/ -->\n<title>Home - myEdison: Coding und Robotik f\u00fcr die Schule<\/title>\n<meta name=\"description\" content=\"Hier findest du alles, um mit dem coolen Edison-Roboter gleich zu starten. Aber am besten, du schaust dich selbst um.\" \/>\n<meta name=\"robots\" content=\"index, follow, max-snippet:-1, max-image-preview:large, max-video-preview:-1\" \/>\n<link rel=\"canonical\" href=\"https:\/\/myedison.ch\/\" \/>\n<meta property=\"og:locale\" content=\"de_DE\" \/>\n<meta property=\"og:type\" content=\"article\" \/>\n<meta property=\"og:title\" content=\"Home - myEdison: Coding und Robotik f\u00fcr die Schule\" \/>\n<meta property=\"og:description\" content=\"Hier findest du alles, um mit dem coolen Edison-Roboter gleich zu starten. Aber am besten, du schaust dich selbst um.\" \/>\n<meta property=\"og:url\" content=\"https:\/\/myedison.ch\/\" \/>\n<meta property=\"og:site_name\" content=\"myEdison: Coding und Robotik f\u00fcr die Schule\" \/>\n<meta property=\"article:modified_time\" content=\"2023-08-14T13:40:30+00:00\" \/>\n<meta name=\"twitter:card\" content=\"summary_large_image\" \/>\n<meta name=\"twitter:label1\" content=\"Gesch\u00e4tzte Lesezeit\" \/>\n\t<meta name=\"twitter:data1\" content=\"1\u00a0Minute\" \/>\n<script type=\"application\/ld+json\" class=\"yoast-schema-graph\">{\"@context\":\"https:\/\/schema.org\",\"@graph\":[{\"@type\":\"WebPage\",\"@id\":\"https:\/\/myedison.ch\/\",\"url\":\"https:\/\/myedison.ch\/\",\"name\":\"Home - myEdison: Coding und Robotik f\u00fcr die Schule\",\"isPartOf\":{\"@id\":\"https:\/\/myedison.ch\/#website\"},\"datePublished\":\"2023-07-03T13:47:14+00:00\",\"dateModified\":\"2023-08-14T13:40:30+00:00\",\"description\":\"Hier findest du alles, um mit dem coolen Edison-Roboter gleich zu starten. Aber am besten, du schaust dich selbst um.\",\"breadcrumb\":{\"@id\":\"https:\/\/myedison.ch\/#breadcrumb\"},\"inLanguage\":\"de\",\"potentialAction\":[{\"@type\":\"ReadAction\",\"target\":[\"https:\/\/myedison.ch\/\"]}]},{\"@type\":\"BreadcrumbList\",\"@id\":\"https:\/\/myedison.ch\/#breadcrumb\",\"itemListElement\":[{\"@type\":\"ListItem\",\"position\":1,\"name\":\"Startseite\",\"item\":\"https:\/\/myedison.ch\/\"},{\"@type\":\"ListItem\",\"position\":2,\"name\":\"Home\"}]},{\"@type\":\"WebSite\",\"@id\":\"https:\/\/myedison.ch\/#website\",\"url\":\"https:\/\/myedison.ch\/\",\"name\":\"myEdison: Coding und Robotik f\u00fcr die Schule\",\"description\":\"\",\"publisher\":{\"@id\":\"https:\/\/myedison.ch\/#organization\"},\"potentialAction\":[{\"@type\":\"SearchAction\",\"target\":{\"@type\":\"EntryPoint\",\"urlTemplate\":\"https:\/\/myedison.ch\/?s={search_term_string}\"},\"query-input\":{\"@type\":\"PropertyValueSpecification\",\"valueRequired\":true,\"valueName\":\"search_term_string\"}}],\"inLanguage\":\"de\"},{\"@type\":\"Organization\",\"@id\":\"https:\/\/myedison.ch\/#organization\",\"name\":\"ateko j\u00fcrgen franck\",\"url\":\"https:\/\/myedison.ch\/\",\"logo\":{\"@type\":\"ImageObject\",\"inLanguage\":\"de\",\"@id\":\"https:\/\/myedison.ch\/#\/schema\/logo\/image\/\",\"url\":\"https:\/\/myedison.ch\/wp-content\/uploads\/2023\/07\/cropped-cropped-cropped-cropped-ateko-1.png\",\"contentUrl\":\"https:\/\/myedison.ch\/wp-content\/uploads\/2023\/07\/cropped-cropped-cropped-cropped-ateko-1.png\",\"width\":885,\"height\":885,\"caption\":\"ateko j\u00fcrgen franck\"},\"image\":{\"@id\":\"https:\/\/myedison.ch\/#\/schema\/logo\/image\/\"}}]}<\/script>\n<!-- \/ Yoast SEO plugin. -->","yoast_head_json":{"title":"Home - myEdison: Coding und Robotik f\u00fcr die Schule","description":"Hier findest du alles, um mit dem coolen Edison-Roboter gleich zu starten. Aber am besten, du schaust dich selbst um.","robots":{"index":"index","follow":"follow","max-snippet":"max-snippet:-1","max-image-preview":"max-image-preview:large","max-video-preview":"max-video-preview:-1"},"canonical":"https:\/\/myedison.ch\/","og_locale":"de_DE","og_type":"article","og_title":"Home - myEdison: Coding und Robotik f\u00fcr die Schule","og_description":"Hier findest du alles, um mit dem coolen Edison-Roboter gleich zu starten. Aber am besten, du schaust dich selbst um.","og_url":"https:\/\/myedison.ch\/","og_site_name":"myEdison: Coding und Robotik f\u00fcr die Schule","article_modified_time":"2023-08-14T13:40:30+00:00","twitter_card":"summary_large_image","twitter_misc":{"Gesch\u00e4tzte Lesezeit":"1\u00a0Minute"},"schema":{"@context":"https:\/\/schema.org","@graph":[{"@type":"WebPage","@id":"https:\/\/myedison.ch\/","url":"https:\/\/myedison.ch\/","name":"Home - myEdison: Coding und Robotik f\u00fcr die Schule","isPartOf":{"@id":"https:\/\/myedison.ch\/#website"},"datePublished":"2023-07-03T13:47:14+00:00","dateModified":"2023-08-14T13:40:30+00:00","description":"Hier findest du alles, um mit dem coolen Edison-Roboter gleich zu starten. Aber am besten, du schaust dich selbst um.","breadcrumb":{"@id":"https:\/\/myedison.ch\/#breadcrumb"},"inLanguage":"de","potentialAction":[{"@type":"ReadAction","target":["https:\/\/myedison.ch\/"]}]},{"@type":"BreadcrumbList","@id":"https:\/\/myedison.ch\/#breadcrumb","itemListElement":[{"@type":"ListItem","position":1,"name":"Startseite","item":"https:\/\/myedison.ch\/"},{"@type":"ListItem","position":2,"name":"Home"}]},{"@type":"WebSite","@id":"https:\/\/myedison.ch\/#website","url":"https:\/\/myedison.ch\/","name":"myEdison: Coding und Robotik f\u00fcr die Schule","description":"","publisher":{"@id":"https:\/\/myedison.ch\/#organization"},"potentialAction":[{"@type":"SearchAction","target":{"@type":"EntryPoint","urlTemplate":"https:\/\/myedison.ch\/?s={search_term_string}"},"query-input":{"@type":"PropertyValueSpecification","valueRequired":true,"valueName":"search_term_string"}}],"inLanguage":"de"},{"@type":"Organization","@id":"https:\/\/myedison.ch\/#organization","name":"ateko j\u00fcrgen franck","url":"https:\/\/myedison.ch\/","logo":{"@type":"ImageObject","inLanguage":"de","@id":"https:\/\/myedison.ch\/#\/schema\/logo\/image\/","url":"https:\/\/myedison.ch\/wp-content\/uploads\/2023\/07\/cropped-cropped-cropped-cropped-ateko-1.png","contentUrl":"https:\/\/myedison.ch\/wp-content\/uploads\/2023\/07\/cropped-cropped-cropped-cropped-ateko-1.png","width":885,"height":885,"caption":"ateko j\u00fcrgen franck"},"image":{"@id":"https:\/\/myedison.ch\/#\/schema\/logo\/image\/"}}]}},"_links":{"self":[{"href":"https:\/\/myedison.ch\/index.php?rest_route=\/wp\/v2\/pages\/15","targetHints":{"allow":["GET"]}}],"collection":[{"href":"https:\/\/myedison.ch\/index.php?rest_route=\/wp\/v2\/pages"}],"about":[{"href":"https:\/\/myedison.ch\/index.php?rest_route=\/wp\/v2\/types\/page"}],"author":[{"embeddable":true,"href":"https:\/\/myedison.ch\/index.php?rest_route=\/wp\/v2\/users\/1"}],"replies":[{"embeddable":true,"href":"https:\/\/myedison.ch\/index.php?rest_route=%2Fwp%2Fv2%2Fcomments&post=15"}],"version-history":[{"count":2,"href":"https:\/\/myedison.ch\/index.php?rest_route=\/wp\/v2\/pages\/15\/revisions"}],"predecessor-version":[{"id":175,"href":"https:\/\/myedison.ch\/index.php?rest_route=\/wp\/v2\/pages\/15\/revisions\/175"}],"wp:attachment":[{"href":"https:\/\/myedison.ch\/index.php?rest_route=%2Fwp%2Fv2%2Fmedia&parent=15"}],"curies":[{"name":"wp","href":"https:\/\/api.w.org\/{rel}","templated":true}]}}