{"id":74,"date":"2023-07-11T11:49:20","date_gmt":"2023-07-11T11:49:20","guid":{"rendered":"https:\/\/myedison.ch\/?page_id=74"},"modified":"2023-11-01T17:10:34","modified_gmt":"2023-11-01T17:10:34","slug":"programmieren-bzw-coding-kann-spass-machen","status":"publish","type":"page","link":"https:\/\/myedison.ch\/?page_id=74","title":{"rendered":"\u00abCoding\u00bb"},"content":{"rendered":"\n<h3 class=\"wp-block-heading has-luminous-vivid-orange-color has-text-color\">Software zur Programmierung von Lernrobotern<\/h3>\n\n\n\n<p>Alle Edison-Programmierumgebungen k\u00f6nnen v\u00f6llig kostenlos mit dem Edison-Roboter verwendet werden! Die Programmiersprache kann gewechselt werden \u2026 der Roboter bleibt der gleiche. Damit ist der Edison einiger von wenigen Robotern, der f\u00fcr alle Zyklen eingesetzt werden kann \u2013&nbsp;also von z.B. der zweiten Kindergartenklasse bis zur ersten oder zweiten Sekundarstufenklasse.<\/p>\n\n\n\n<h3 class=\"wp-block-heading has-luminous-vivid-orange-color has-text-color\">F\u00fcr Mac, Windows, Linux und iPad<\/h3>\n\n\n\n<p>Auch das Arbeitsger\u00e4t ist w\u00e4hlbar: ob Apple Computer mit macOS- oder PCs mit Windows-Sytemen, ob eine Linux-Distribution oder ein iPad mit iPadOS verwendet wird, spielt keine Rolle. Lediglich \u00fcber einen Kopfh\u00f6rerausgang und einen aktuellen Browser muss das Ger\u00e4t verf\u00fcgen. Dies ist m\u00f6glich, weil das Programm mit dem mitgelieferten EdCom-Kabel \u00fcbertragen wird. Bevor Edison die Befehlt ausf\u00fchrt, wird die Programmierung im Hintergrund in Assembler bzw. in Maschinensprache \u00fcbersetzt und dann \u00fcbertragen. Diese Programmiersprache ist nicht wirklich lesbar.<\/p>\n\n\n\n<h3 class=\"wp-block-heading has-luminous-vivid-orange-color has-text-color\">Programmieren ohne Download \u2013&nbsp;direkt im Browser<\/h3>\n\n\n\n<p>Mit Ausnahme von der zus\u00e4tzlich als App verf\u00fcgbaren Umgebung EdCreate k\u00f6nnen alle Roboter-Programmiersprachen f\u00fcr Edison im Browser entwickelt, gespeichert und aufgerufen werden. Es wird keine zus\u00e4tzliche Software ben\u00f6tigt, es muss kein WLAN oder Bluetooth konfiguriert werden und es m\u00fcssen auch keine Dateien auf USB-Sticks oder auf separate Hardware heruntergeladen werden. Es gibt nur einen Weg \u2013&nbsp;vom Ger\u00e4t mit dem mitgelieferten EdCom-Kabel direkt auf den Roboter.&nbsp;<\/p>\n\n\n\n<figure class=\"wp-block-image size-large\"><a href=\"http:\/\/edblocksapp.com\/\"><img loading=\"lazy\" decoding=\"async\" width=\"1021\" height=\"1024\" src=\"https:\/\/myedison.ch\/wp-content\/uploads\/2023\/07\/edblock-1021x1024.png\" alt=\"\" class=\"wp-image-77\" srcset=\"https:\/\/myedison.ch\/wp-content\/uploads\/2023\/07\/edblock-1021x1024.png 1021w, https:\/\/myedison.ch\/wp-content\/uploads\/2023\/07\/edblock-300x300.png 300w, https:\/\/myedison.ch\/wp-content\/uploads\/2023\/07\/edblock-150x150.png 150w, https:\/\/myedison.ch\/wp-content\/uploads\/2023\/07\/edblock-768x770.png 768w, https:\/\/myedison.ch\/wp-content\/uploads\/2023\/07\/edblock-600x602.png 600w, https:\/\/myedison.ch\/wp-content\/uploads\/2023\/07\/edblock-100x100.png 100w, https:\/\/myedison.ch\/wp-content\/uploads\/2023\/07\/edblock.png 1348w\" sizes=\"auto, (max-width: 1021px) 100vw, 1021px\" \/><\/a><\/figure>\n\n\n\n<h2 class=\"wp-block-heading has-luminous-vivid-orange-color has-text-color\">Der Unterschied der Programmiersprachen liegt in den M\u00f6glichkeiten<\/h2>\n\n\n\n<p>EdCreate hat am wenigsten M\u00f6glichkeiten, EdBlock etwas mehr und in&nbsp;EdScratch stehen nochmals mehr Programmierm\u00f6glichkeiten zur Verf\u00fcgung. EdPy schliesslich hat den gr\u00f6ssten Programmierumfang und ist auch nicht zuletzt deshalb die komplexeste Umgebung. Hier ist das Kennen von \u00e4hnlichen Sprachen oder sogar von Python ein grosser Vorteil \u2013 aber keine Voraussetzung. Um Python zu erlernen gibt es viele Plattformen; es ist wichtig zu wissen, dass hier ein anderes Engagement erforderlich ist, um hier Projekte zu realisieren. Denkbar ist auch, solche Projekte mit besonders begabten\/motiverten Sch\u00fclerinnen und Sch\u00fclern (SuS) oder im Rahmen von Begabtenf\u00f6rderungsunterricht (Begaf\u00f6) zu integrieren. Selbstverst\u00e4ndlich ist hier auch das Unterrichten f\u00fcr die Lehrpersonen aufw\u00e4ndiger; ein Aufwand, der sich letztlich aber f\u00fcr die Lehrperson ebenfalls auszahlt. Ein tolles Tool zum Lernen von Python sind dann auch die in der Schweiz entwickelten Oxocard-Platinen \u2013 oder auch Platinen wie Microbit oder Calliope (Umgebungen:&nbsp;<a href=\"http:\/\/python.microbit.org\/editor.html\">http:\/\/python.microbit.org\/editor.html<\/a>).<\/p>\n\n\n\n<h2 class=\"wp-block-heading has-luminous-vivid-orange-color has-text-color\">Wie einfach ist es, Edison zu programmieren?<\/h2>\n\n\n\n<p>Um einen Edison-Roboter zu programmieren, musst du nur diese einfachen Schritte befolgen:<\/p>\n\n\n\n<ul class=\"wp-block-list\">\n<li>W\u00e4hle eine f\u00fcr die jeweilige Stufe passende Programmiersprache f\u00fcr den Edison-Roboter aus und \u00f6ffnen Sie die entsprechende Anwendung in Ihrem Browser<\/li>\n\n\n\n<li>W\u00e4hle ein fertiges Demoprogramm in der Anwendung oder erarbeite mit den Sch\u00fclerInnen das erste, eigene Programm.<\/li>\n\n\n\n<li>Schliessen den Edison mit dem EdComm-Kabel an das Programmierger\u00e4t an.<\/li>\n\n\n\n<li>Dr\u00fccke einmal auf die runde Taste (\u00abAufnahme\u00bb) auf der Oberseite des Edison.<\/li>\n\n\n\n<li>Klicke auf die Schaltfl\u00e4che \u00abEdison programmieren\u00bb in der App, um das Programm auf den Edison-Roboter herunterzuladen.<\/li>\n<\/ul>\n\n\n\n<p>Sobald das Herunterladen des Programms abgeschlossen ist, entferne das EdComm-Kabel und dr\u00fccke die dreieckige Taste (\u00abWiedergabe\u00bb) auf dem Edison, um dein Programm im Roboter auszuf\u00fchren.&nbsp;<\/p>\n\n\n\n<p>Du kannst jederzeit \u00c4nderungen an deinem Programm in der Programmier-App vornehmen oder ein v\u00f6llig neues Programm schreiben, das in Edison ausgef\u00fchrt wird. Schliesse dazu einfach den Edison wieder an, lade das neue oder ge\u00e4nderte Programm herunter und f\u00fchren es auf dem Roboter aus, um zu sehen, wie dein selbst entwickelter Code zum Leben erwacht!<\/p>\n\n\n\n<figure class=\"wp-block-image size-full\"><img loading=\"lazy\" decoding=\"async\" width=\"1000\" height=\"1000\" src=\"https:\/\/myedison.ch\/wp-content\/uploads\/2023\/07\/edPrinter.png\" alt=\"\" class=\"wp-image-83\" srcset=\"https:\/\/myedison.ch\/wp-content\/uploads\/2023\/07\/edPrinter.png 1000w, https:\/\/myedison.ch\/wp-content\/uploads\/2023\/07\/edPrinter-300x300.png 300w, https:\/\/myedison.ch\/wp-content\/uploads\/2023\/07\/edPrinter-150x150.png 150w, https:\/\/myedison.ch\/wp-content\/uploads\/2023\/07\/edPrinter-768x768.png 768w, https:\/\/myedison.ch\/wp-content\/uploads\/2023\/07\/edPrinter-600x600.png 600w, https:\/\/myedison.ch\/wp-content\/uploads\/2023\/07\/edPrinter-100x100.png 100w\" sizes=\"auto, (max-width: 1000px) 100vw, 1000px\" \/><\/figure>\n\n\n\n<h3 class=\"wp-block-heading has-luminous-vivid-orange-color has-text-color\">Vorteil Vielseitigkeit<\/h3>\n\n\n\n<p>Edison-Roboter k\u00f6nnen mit jeder der oben erw\u00e4hnten Edison-Programmiersprachen programmiert werden. Damit ist es einfach, neue Herausforderungen und Aktivit\u00e4ten auszuprobieren, die auf die F\u00e4higkeiten Ihrer Sch\u00fcler abgestimmt sind.&nbsp;Mit den EdCreate-Bauteilen k\u00f6nnen dar\u00fcber hinaus spannende Projekte umgesetzt werden (siehe Bild oben).<\/p>\n\n\n\n<p>Schaue dir dazu die (englischen) <a rel=\"noreferrer noopener\" href=\"https:\/\/myedison.ch\/?page_id=129\" data-type=\"page\" data-id=\"129\" target=\"_blank\">Videos<\/a> \u00abWie programmiere ich meinen Edison-Roboter?\u00bb an. <\/p>\n\n\n\n<p>Dieses zweiteilige Video zeigt zun\u00e4chst, wie du ein Programm aus einer der Programmiersprachen auf den Edison-Roboter herunterladen kannst. Der zweite Teil des Videos zeigt, was eigentlich passiert, wenn du ein Programm auf den Roboter herunterl\u00e4dst.<\/p>\n\n\n\n<h3 class=\"wp-block-heading has-luminous-vivid-orange-color has-text-color\">Programmiersprachen f\u00fcr Edison-Roboter<\/h3>\n\n\n\n<h4 class=\"wp-block-heading\">\u2013 EdBlocks: Symbolbasierte Roboter-Programmiersprache<\/h4>\n\n\n\n<p>EdBlocks ist eine vollst\u00e4ndig auf Symbolen basierende Roboterprogrammiersprache, die sehr einfach zu verwenden ist. EdBlocks ist ein auf Drag-and-Drop-Bl\u00f6cken basierendes System, das selbst f\u00fcr j\u00fcngere Sch\u00fclerInnen intuitiv ist und Spass macht. EdBlocks eignet sich perfekt f\u00fcr die Einf\u00fchrung in die Programmierung und ist ideal f\u00fcr Sch\u00fclerInnen ab der zweiten Kindergarten- oder der ersten Primarklasse.<\/p>\n\n\n\n<h4 class=\"wp-block-heading\">\u2013 EdScratch: blockbasierte visuelle Programmiersprache<\/h4>\n\n\n\n<p>EdScratch ist eine vertikale blockbasierte visuelle Programmiersprache, die auf Scratch basiert. EdScratch kombiniert die Einfachheit der horizontalen Drag-and-Drop-Programmierung mit leistungsstarker Funktionalit\u00e4t und Vielseitigkeit. Das Ergebnis ist eine Roboterprogrammiersprache, die leicht zu erlernen ist und eine robuste Plattform f\u00fcr den Informatikunterricht f\u00fcr Sch\u00fclerInnen ab der dritten Klasse bietet.<\/p>\n\n\n\n<h4 class=\"wp-block-heading\">\u2013 EdPy: vielseitige textbasierte Programmiersprache<\/h4>\n\n\n\n<p>EdPy ist eine \u00e4usserst vielseitige, aber textbasierte Programmiersprache. Basis ist die beliebte und bekannte Programmierumgebung Python (genauer: Micro-Python). Mit EdPy macht textbasiertes Programmieren Spass, denn die Sch\u00fclerInnen k\u00f6nnen sehen, wie ihr \u00abechter\u00bb Code in ihrem Edison-Roboter zum Leben erwacht. Mit EdPy lernen die Sch\u00fclerinnen und Sch\u00fcler den Kern einer echten Programmiersprache und k\u00f6nnen ihre Erkundung der Robotik und des Programmierens auf ein fortgeschritteneres Niveau bringen &#8211; perfekt also f\u00fcr ambitionierte Sch\u00fclerinnen und Sch\u00fcler in der sechsten Klasse oder in der Sekundarstufe.<\/p>\n","protected":false},"excerpt":{"rendered":"<p>Software zur Programmierung von Lernrobotern Alle Edison-Programmierumgebungen k\u00f6nnen v\u00f6llig kostenlos mit dem Edison-Roboter verwendet werden! Die Programmiersprache kann gewechselt werden \u2026 der Roboter bleibt der gleiche. Damit ist der Edison einiger von wenigen Robotern, der f\u00fcr alle Zyklen eingesetzt werden kann \u2013&nbsp;also von z.B. der zweiten Kindergartenklasse bis zur ersten oder zweiten Sekundarstufenklasse. F\u00fcr Mac, [&hellip;]<\/p>\n","protected":false},"author":1,"featured_media":0,"parent":0,"menu_order":0,"comment_status":"closed","ping_status":"closed","template":"","meta":{"footnotes":""},"class_list":["post-74","page","type-page","status-publish","hentry"],"yoast_head":"<!-- This site is optimized with the Yoast SEO plugin v26.2 - https:\/\/yoast.com\/wordpress\/plugins\/seo\/ -->\n<title>\u00abCoding\u00bb - myEdison: Coding und Robotik f\u00fcr die Schule<\/title>\n<meta name=\"description\" content=\"Zugegeben, programmieren ist nicht f\u00fcr jeden. Die Chancen sind gr\u00f6sser, wenn man, wie beim Edison, das Programm so einfach \u00fcbertragen kann.\" \/>\n<meta name=\"robots\" content=\"index, follow, max-snippet:-1, max-image-preview:large, max-video-preview:-1\" \/>\n<link rel=\"canonical\" href=\"https:\/\/myedison.ch\/?page_id=74\" \/>\n<meta property=\"og:locale\" content=\"de_DE\" \/>\n<meta property=\"og:type\" content=\"article\" \/>\n<meta property=\"og:title\" content=\"\u00abCoding\u00bb - myEdison: Coding und Robotik f\u00fcr die Schule\" \/>\n<meta property=\"og:description\" content=\"Zugegeben, programmieren ist nicht f\u00fcr jeden. Die Chancen sind gr\u00f6sser, wenn man, wie beim Edison, das Programm so einfach \u00fcbertragen kann.\" \/>\n<meta property=\"og:url\" content=\"https:\/\/myedison.ch\/?page_id=74\" \/>\n<meta property=\"og:site_name\" content=\"myEdison: Coding und Robotik f\u00fcr die Schule\" \/>\n<meta property=\"article:modified_time\" content=\"2023-11-01T17:10:34+00:00\" \/>\n<meta property=\"og:image\" content=\"https:\/\/myedison.ch\/wp-content\/uploads\/2023\/07\/edblock-1021x1024.png\" \/>\n<meta name=\"twitter:card\" content=\"summary_large_image\" \/>\n<meta name=\"twitter:label1\" content=\"Gesch\u00e4tzte Lesezeit\" \/>\n\t<meta name=\"twitter:data1\" content=\"5\u00a0Minuten\" \/>\n<script type=\"application\/ld+json\" class=\"yoast-schema-graph\">{\"@context\":\"https:\/\/schema.org\",\"@graph\":[{\"@type\":\"WebPage\",\"@id\":\"https:\/\/myedison.ch\/?page_id=74\",\"url\":\"https:\/\/myedison.ch\/?page_id=74\",\"name\":\"\u00abCoding\u00bb - myEdison: Coding und Robotik f\u00fcr die Schule\",\"isPartOf\":{\"@id\":\"https:\/\/myedison.ch\/#website\"},\"primaryImageOfPage\":{\"@id\":\"https:\/\/myedison.ch\/?page_id=74#primaryimage\"},\"image\":{\"@id\":\"https:\/\/myedison.ch\/?page_id=74#primaryimage\"},\"thumbnailUrl\":\"https:\/\/myedison.ch\/wp-content\/uploads\/2023\/07\/edblock-1021x1024.png\",\"datePublished\":\"2023-07-11T11:49:20+00:00\",\"dateModified\":\"2023-11-01T17:10:34+00:00\",\"description\":\"Zugegeben, programmieren ist nicht f\u00fcr jeden. Die Chancen sind gr\u00f6sser, wenn man, wie beim Edison, das Programm so einfach \u00fcbertragen kann.\",\"breadcrumb\":{\"@id\":\"https:\/\/myedison.ch\/?page_id=74#breadcrumb\"},\"inLanguage\":\"de\",\"potentialAction\":[{\"@type\":\"ReadAction\",\"target\":[\"https:\/\/myedison.ch\/?page_id=74\"]}]},{\"@type\":\"ImageObject\",\"inLanguage\":\"de\",\"@id\":\"https:\/\/myedison.ch\/?page_id=74#primaryimage\",\"url\":\"https:\/\/myedison.ch\/wp-content\/uploads\/2023\/07\/edblock.png\",\"contentUrl\":\"https:\/\/myedison.ch\/wp-content\/uploads\/2023\/07\/edblock.png\",\"width\":1348,\"height\":1352},{\"@type\":\"BreadcrumbList\",\"@id\":\"https:\/\/myedison.ch\/?page_id=74#breadcrumb\",\"itemListElement\":[{\"@type\":\"ListItem\",\"position\":1,\"name\":\"Startseite\",\"item\":\"https:\/\/myedison.ch\/\"},{\"@type\":\"ListItem\",\"position\":2,\"name\":\"\u00abCoding\u00bb\"}]},{\"@type\":\"WebSite\",\"@id\":\"https:\/\/myedison.ch\/#website\",\"url\":\"https:\/\/myedison.ch\/\",\"name\":\"myEdison: Coding und Robotik f\u00fcr die Schule\",\"description\":\"\",\"publisher\":{\"@id\":\"https:\/\/myedison.ch\/#organization\"},\"potentialAction\":[{\"@type\":\"SearchAction\",\"target\":{\"@type\":\"EntryPoint\",\"urlTemplate\":\"https:\/\/myedison.ch\/?s={search_term_string}\"},\"query-input\":{\"@type\":\"PropertyValueSpecification\",\"valueRequired\":true,\"valueName\":\"search_term_string\"}}],\"inLanguage\":\"de\"},{\"@type\":\"Organization\",\"@id\":\"https:\/\/myedison.ch\/#organization\",\"name\":\"ateko j\u00fcrgen franck\",\"url\":\"https:\/\/myedison.ch\/\",\"logo\":{\"@type\":\"ImageObject\",\"inLanguage\":\"de\",\"@id\":\"https:\/\/myedison.ch\/#\/schema\/logo\/image\/\",\"url\":\"https:\/\/myedison.ch\/wp-content\/uploads\/2023\/07\/cropped-cropped-cropped-cropped-ateko-1.png\",\"contentUrl\":\"https:\/\/myedison.ch\/wp-content\/uploads\/2023\/07\/cropped-cropped-cropped-cropped-ateko-1.png\",\"width\":885,\"height\":885,\"caption\":\"ateko j\u00fcrgen franck\"},\"image\":{\"@id\":\"https:\/\/myedison.ch\/#\/schema\/logo\/image\/\"}}]}<\/script>\n<!-- \/ Yoast SEO plugin. -->","yoast_head_json":{"title":"\u00abCoding\u00bb - myEdison: Coding und Robotik f\u00fcr die Schule","description":"Zugegeben, programmieren ist nicht f\u00fcr jeden. Die Chancen sind gr\u00f6sser, wenn man, wie beim Edison, das Programm so einfach \u00fcbertragen kann.","robots":{"index":"index","follow":"follow","max-snippet":"max-snippet:-1","max-image-preview":"max-image-preview:large","max-video-preview":"max-video-preview:-1"},"canonical":"https:\/\/myedison.ch\/?page_id=74","og_locale":"de_DE","og_type":"article","og_title":"\u00abCoding\u00bb - myEdison: Coding und Robotik f\u00fcr die Schule","og_description":"Zugegeben, programmieren ist nicht f\u00fcr jeden. Die Chancen sind gr\u00f6sser, wenn man, wie beim Edison, das Programm so einfach \u00fcbertragen kann.","og_url":"https:\/\/myedison.ch\/?page_id=74","og_site_name":"myEdison: Coding und Robotik f\u00fcr die Schule","article_modified_time":"2023-11-01T17:10:34+00:00","og_image":[{"url":"https:\/\/myedison.ch\/wp-content\/uploads\/2023\/07\/edblock-1021x1024.png","type":"","width":"","height":""}],"twitter_card":"summary_large_image","twitter_misc":{"Gesch\u00e4tzte Lesezeit":"5\u00a0Minuten"},"schema":{"@context":"https:\/\/schema.org","@graph":[{"@type":"WebPage","@id":"https:\/\/myedison.ch\/?page_id=74","url":"https:\/\/myedison.ch\/?page_id=74","name":"\u00abCoding\u00bb - myEdison: Coding und Robotik f\u00fcr die Schule","isPartOf":{"@id":"https:\/\/myedison.ch\/#website"},"primaryImageOfPage":{"@id":"https:\/\/myedison.ch\/?page_id=74#primaryimage"},"image":{"@id":"https:\/\/myedison.ch\/?page_id=74#primaryimage"},"thumbnailUrl":"https:\/\/myedison.ch\/wp-content\/uploads\/2023\/07\/edblock-1021x1024.png","datePublished":"2023-07-11T11:49:20+00:00","dateModified":"2023-11-01T17:10:34+00:00","description":"Zugegeben, programmieren ist nicht f\u00fcr jeden. Die Chancen sind gr\u00f6sser, wenn man, wie beim Edison, das Programm so einfach \u00fcbertragen kann.","breadcrumb":{"@id":"https:\/\/myedison.ch\/?page_id=74#breadcrumb"},"inLanguage":"de","potentialAction":[{"@type":"ReadAction","target":["https:\/\/myedison.ch\/?page_id=74"]}]},{"@type":"ImageObject","inLanguage":"de","@id":"https:\/\/myedison.ch\/?page_id=74#primaryimage","url":"https:\/\/myedison.ch\/wp-content\/uploads\/2023\/07\/edblock.png","contentUrl":"https:\/\/myedison.ch\/wp-content\/uploads\/2023\/07\/edblock.png","width":1348,"height":1352},{"@type":"BreadcrumbList","@id":"https:\/\/myedison.ch\/?page_id=74#breadcrumb","itemListElement":[{"@type":"ListItem","position":1,"name":"Startseite","item":"https:\/\/myedison.ch\/"},{"@type":"ListItem","position":2,"name":"\u00abCoding\u00bb"}]},{"@type":"WebSite","@id":"https:\/\/myedison.ch\/#website","url":"https:\/\/myedison.ch\/","name":"myEdison: Coding und Robotik f\u00fcr die Schule","description":"","publisher":{"@id":"https:\/\/myedison.ch\/#organization"},"potentialAction":[{"@type":"SearchAction","target":{"@type":"EntryPoint","urlTemplate":"https:\/\/myedison.ch\/?s={search_term_string}"},"query-input":{"@type":"PropertyValueSpecification","valueRequired":true,"valueName":"search_term_string"}}],"inLanguage":"de"},{"@type":"Organization","@id":"https:\/\/myedison.ch\/#organization","name":"ateko j\u00fcrgen franck","url":"https:\/\/myedison.ch\/","logo":{"@type":"ImageObject","inLanguage":"de","@id":"https:\/\/myedison.ch\/#\/schema\/logo\/image\/","url":"https:\/\/myedison.ch\/wp-content\/uploads\/2023\/07\/cropped-cropped-cropped-cropped-ateko-1.png","contentUrl":"https:\/\/myedison.ch\/wp-content\/uploads\/2023\/07\/cropped-cropped-cropped-cropped-ateko-1.png","width":885,"height":885,"caption":"ateko j\u00fcrgen franck"},"image":{"@id":"https:\/\/myedison.ch\/#\/schema\/logo\/image\/"}}]}},"_links":{"self":[{"href":"https:\/\/myedison.ch\/index.php?rest_route=\/wp\/v2\/pages\/74","targetHints":{"allow":["GET"]}}],"collection":[{"href":"https:\/\/myedison.ch\/index.php?rest_route=\/wp\/v2\/pages"}],"about":[{"href":"https:\/\/myedison.ch\/index.php?rest_route=\/wp\/v2\/types\/page"}],"author":[{"embeddable":true,"href":"https:\/\/myedison.ch\/index.php?rest_route=\/wp\/v2\/users\/1"}],"replies":[{"embeddable":true,"href":"https:\/\/myedison.ch\/index.php?rest_route=%2Fwp%2Fv2%2Fcomments&post=74"}],"version-history":[{"count":9,"href":"https:\/\/myedison.ch\/index.php?rest_route=\/wp\/v2\/pages\/74\/revisions"}],"predecessor-version":[{"id":253,"href":"https:\/\/myedison.ch\/index.php?rest_route=\/wp\/v2\/pages\/74\/revisions\/253"}],"wp:attachment":[{"href":"https:\/\/myedison.ch\/index.php?rest_route=%2Fwp%2Fv2%2Fmedia&parent=74"}],"curies":[{"name":"wp","href":"https:\/\/api.w.org\/{rel}","templated":true}]}}